{"id":93867,"date":"2026-03-31T03:16:46","date_gmt":"2026-03-31T00:16:46","guid":{"rendered":"https:\/\/emniyetnakliyat.com\/yozgat\/musteri-paneli\/"},"modified":"2026-03-31T03:16:46","modified_gmt":"2026-03-31T00:16:46","slug":"musteri-paneli","status":"publish","type":"page","link":"https:\/\/emniyetnakliyat.com\/yozgat\/musteri-paneli\/","title":{"rendered":"M\u00fc\u015fteri Paneli"},"content":{"rendered":"<div class=\"emn-alert\">M\u00fc\u015fteri panelini g\u00f6rmek i\u00e7in giri\u015f yap\u0131n.<\/div>\n","protected":false},"excerpt":{"rendered":"","protected":false},"author":0,"featured_media":0,"parent":0,"menu_order":0,"comment_status":"closed","ping_status":"closed","template":"","meta":{"footnotes":""},"class_list":["post-93867","page","type-page","status-publish","hentry"],"yoast_head":"<!-- This site is optimized with the Yoast SEO plugin v27.4 - https:\/\/yoast.com\/product\/yoast-seo-wordpress\/ -->\n<title>M\u00fc\u015fteri Paneli - yozgat Evden Eve Nakliyat<\/title>\n<meta name=\"robots\" content=\"index, follow, max-snippet:-1, max-image-preview:large, max-video-preview:-1\" \/>\n<link rel=\"canonical\" href=\"https:\/\/emniyetnakliyat.com\/yozgat\/musteri-paneli\/\" \/>\n<meta property=\"og:locale\" content=\"tr_TR\" \/>\n<meta property=\"og:type\" content=\"article\" \/>\n<meta property=\"og:title\" content=\"M\u00fc\u015fteri Paneli - yozgat Evden Eve Nakliyat\" \/>\n<meta property=\"og:url\" content=\"https:\/\/emniyetnakliyat.com\/yozgat\/musteri-paneli\/\" \/>\n<meta property=\"og:site_name\" content=\"yozgat Evden Eve Nakliyat\" \/>\n<meta name=\"twitter:card\" content=\"summary_large_image\" \/>\n<script type=\"application\/ld+json\" class=\"yoast-schema-graph\">{\"@context\":\"https:\\\/\\\/schema.org\",\"@graph\":[{\"@type\":\"WebPage\",\"@id\":\"https:\\\/\\\/emniyetnakliyat.com\\\/yozgat\\\/musteri-paneli\\\/\",\"url\":\"https:\\\/\\\/emniyetnakliyat.com\\\/yozgat\\\/musteri-paneli\\\/\",\"name\":\"M\u00fc\u015fteri Paneli - yozgat Evden Eve Nakliyat\",\"isPartOf\":{\"@id\":\"https:\\\/\\\/emniyetnakliyat.com\\\/yozgat\\\/#website\"},\"datePublished\":\"2026-03-31T00:16:46+00:00\",\"breadcrumb\":{\"@id\":\"https:\\\/\\\/emniyetnakliyat.com\\\/yozgat\\\/musteri-paneli\\\/#breadcrumb\"},\"inLanguage\":\"tr\",\"potentialAction\":[{\"@type\":\"ReadAction\",\"target\":[\"https:\\\/\\\/emniyetnakliyat.com\\\/yozgat\\\/musteri-paneli\\\/\"]}]},{\"@type\":\"BreadcrumbList\",\"@id\":\"https:\\\/\\\/emniyetnakliyat.com\\\/yozgat\\\/musteri-paneli\\\/#breadcrumb\",\"itemListElement\":[{\"@type\":\"ListItem\",\"position\":1,\"name\":\"Anasayfa\",\"item\":\"https:\\\/\\\/emniyetnakliyat.com\\\/yozgat\\\/\"},{\"@type\":\"ListItem\",\"position\":2,\"name\":\"M\u00fc\u015fteri Paneli\"}]},{\"@type\":\"WebSite\",\"@id\":\"https:\\\/\\\/emniyetnakliyat.com\\\/yozgat\\\/#website\",\"url\":\"https:\\\/\\\/emniyetnakliyat.com\\\/yozgat\\\/\",\"name\":\"Kayseri Evden Eve Nakliyat\",\"description\":\"yozgat Evden Eve\",\"publisher\":{\"@id\":\"https:\\\/\\\/emniyetnakliyat.com\\\/yozgat\\\/#organization\"},\"alternateName\":\"Kayseri Nakliyat\",\"potentialAction\":[{\"@type\":\"SearchAction\",\"target\":{\"@type\":\"EntryPoint\",\"urlTemplate\":\"https:\\\/\\\/emniyetnakliyat.com\\\/yozgat\\\/?s={search_term_string}\"},\"query-input\":{\"@type\":\"PropertyValueSpecification\",\"valueRequired\":true,\"valueName\":\"search_term_string\"}}],\"inLanguage\":\"tr\"},{\"@type\":\"Organization\",\"@id\":\"https:\\\/\\\/emniyetnakliyat.com\\\/yozgat\\\/#organization\",\"name\":\"Kayseri Emniyet Evden Eve Nakliyat\",\"alternateName\":\"Kayseri Evden Eve Nakliyat\",\"url\":\"https:\\\/\\\/emniyetnakliyat.com\\\/yozgat\\\/\",\"logo\":{\"@type\":\"ImageObject\",\"inLanguage\":\"tr\",\"@id\":\"https:\\\/\\\/emniyetnakliyat.com\\\/yozgat\\\/#\\\/schema\\\/logo\\\/image\\\/\",\"url\":\"\",\"contentUrl\":\"\",\"caption\":\"Kayseri Emniyet Evden Eve Nakliyat\"},\"image\":{\"@id\":\"https:\\\/\\\/emniyetnakliyat.com\\\/yozgat\\\/#\\\/schema\\\/logo\\\/image\\\/\"}}]}<\/script>\n<!-- \/ Yoast SEO plugin. -->","yoast_head_json":{"title":"M\u00fc\u015fteri Paneli - yozgat Evden Eve Nakliyat","robots":{"index":"index","follow":"follow","max-snippet":"max-snippet:-1","max-image-preview":"max-image-preview:large","max-video-preview":"max-video-preview:-1"},"canonical":"https:\/\/emniyetnakliyat.com\/yozgat\/musteri-paneli\/","og_locale":"tr_TR","og_type":"article","og_title":"M\u00fc\u015fteri Paneli - yozgat Evden Eve Nakliyat","og_url":"https:\/\/emniyetnakliyat.com\/yozgat\/musteri-paneli\/","og_site_name":"yozgat Evden Eve Nakliyat","twitter_card":"summary_large_image","schema":{"@context":"https:\/\/schema.org","@graph":[{"@type":"WebPage","@id":"https:\/\/emniyetnakliyat.com\/yozgat\/musteri-paneli\/","url":"https:\/\/emniyetnakliyat.com\/yozgat\/musteri-paneli\/","name":"M\u00fc\u015fteri Paneli - yozgat Evden Eve Nakliyat","isPartOf":{"@id":"https:\/\/emniyetnakliyat.com\/yozgat\/#website"},"datePublished":"2026-03-31T00:16:46+00:00","breadcrumb":{"@id":"https:\/\/emniyetnakliyat.com\/yozgat\/musteri-paneli\/#breadcrumb"},"inLanguage":"tr","potentialAction":[{"@type":"ReadAction","target":["https:\/\/emniyetnakliyat.com\/yozgat\/musteri-paneli\/"]}]},{"@type":"BreadcrumbList","@id":"https:\/\/emniyetnakliyat.com\/yozgat\/musteri-paneli\/#breadcrumb","itemListElement":[{"@type":"ListItem","position":1,"name":"Anasayfa","item":"https:\/\/emniyetnakliyat.com\/yozgat\/"},{"@type":"ListItem","position":2,"name":"M\u00fc\u015fteri Paneli"}]},{"@type":"WebSite","@id":"https:\/\/emniyetnakliyat.com\/yozgat\/#website","url":"https:\/\/emniyetnakliyat.com\/yozgat\/","name":"Kayseri Evden Eve Nakliyat","description":"yozgat Evden Eve","publisher":{"@id":"https:\/\/emniyetnakliyat.com\/yozgat\/#organization"},"alternateName":"Kayseri Nakliyat","potentialAction":[{"@type":"SearchAction","target":{"@type":"EntryPoint","urlTemplate":"https:\/\/emniyetnakliyat.com\/yozgat\/?s={search_term_string}"},"query-input":{"@type":"PropertyValueSpecification","valueRequired":true,"valueName":"search_term_string"}}],"inLanguage":"tr"},{"@type":"Organization","@id":"https:\/\/emniyetnakliyat.com\/yozgat\/#organization","name":"Kayseri Emniyet Evden Eve Nakliyat","alternateName":"Kayseri Evden Eve Nakliyat","url":"https:\/\/emniyetnakliyat.com\/yozgat\/","logo":{"@type":"ImageObject","inLanguage":"tr","@id":"https:\/\/emniyetnakliyat.com\/yozgat\/#\/schema\/logo\/image\/","url":"","contentUrl":"","caption":"Kayseri Emniyet Evden Eve Nakliyat"},"image":{"@id":"https:\/\/emniyetnakliyat.com\/yozgat\/#\/schema\/logo\/image\/"}}]}},"_links":{"self":[{"href":"https:\/\/emniyetnakliyat.com\/yozgat\/wp-json\/wp\/v2\/pages\/93867","targetHints":{"allow":["GET"]}}],"collection":[{"href":"https:\/\/emniyetnakliyat.com\/yozgat\/wp-json\/wp\/v2\/pages"}],"about":[{"href":"https:\/\/emniyetnakliyat.com\/yozgat\/wp-json\/wp\/v2\/types\/page"}],"replies":[{"embeddable":true,"href":"https:\/\/emniyetnakliyat.com\/yozgat\/wp-json\/wp\/v2\/comments?post=93867"}],"version-history":[{"count":0,"href":"https:\/\/emniyetnakliyat.com\/yozgat\/wp-json\/wp\/v2\/pages\/93867\/revisions"}],"wp:attachment":[{"href":"https:\/\/emniyetnakliyat.com\/yozgat\/wp-json\/wp\/v2\/media?parent=93867"}],"curies":[{"name":"wp","href":"https:\/\/api.w.org\/{rel}","templated":true}]}}