{"id":164,"date":"2014-03-03T08:40:22","date_gmt":"2014-03-03T06:40:22","guid":{"rendered":"https:\/\/yozgatevdenevenakliyat.net.tr\/?page_id=164"},"modified":"2014-03-03T08:40:22","modified_gmt":"2014-03-03T06:40:22","slug":"iletisim-2","status":"publish","type":"page","link":"https:\/\/emniyetnakliyat.com\/yozgat\/iletisim-2\/","title":{"rendered":"\u0130LET\u0130\u015e\u0130M"},"content":{"rendered":"<h1 style=\"text-align: left\">\u00a0<span style=\"color: #ff0000\"><strong>Gsm: 0536 3117259<\/strong><\/span><\/h1>\n<h1 style=\"text-align: left\"><span style=\"color: #ff0000\"><strong>Gsm:0554 530 9748<\/strong><\/span><\/h1>\n<blockquote>\n<p style=\"text-align: left\">[contact-form to=&#8217;emniyet@emniyetevdenevenakliyat.com&#8217; subject=&#8217;emniyet@emniyetevdenevenakliyat.com&#8217;][contact-field label=&#8217;Ad &#8216; type=&#8217;name&#8217; required=&#8217;1&#8217;\/][contact-field label=&#8217;Soyad &#8216; type=&#8217;text&#8217; required=&#8217;1&#8217;\/][contact-field label=&#8217;Gsm&#8217; type=&#8217;text&#8217; required=&#8217;1&#8217;\/][contact-field label=&#8217;Gsm-2&#8242; type=&#8217;text&#8217;\/][contact-field label=&#8217;E\u015fyan\u0131n Al\u0131naca\u011f\u0131 Yer Bilgisi&#8230;?&#8217; type=&#8217;checkbox&#8217;\/][contact-field label=&#8217;\u015eehir *&#8217; type=&#8217;select&#8217; required=&#8217;1&#8242; options=&#8217;,Adana,Ad\u0131yaman,Afyon,A\u011fr\u0131,Amasya,Ankara,Antalya,Artvin,Ayd\u0131n,Bal\u0131kesir,Bilecik,Bing\u00f6l,Bitlis,Bolu,Burdur,Bursa,\u00c7anakkale,\u00c7ank\u0131r\u0131,\u00c7orum,Denizli,Diyarbak\u0131r,Edirne,Elaz\u0131\u011f,Erzincan,Erzurum,Eski\u015fehir,Gaziantep,Giresun,G\u00fcm\u00fc\u015fhane,Hakkari,Hatay,Isparta,\u0130\u00e7el (Mersin),\u0130stanbul,\u0130zmir,Kars,Kastamonu,Kayseri,K\u0131rklareli,K\u0131r\u015fehir,Kocaeli,Konya,K\u00fctahya,Malatya,Manisa,K.mara\u015f,Mardin,Mu\u011fla,Mu\u015f,Nev\u015fehir,Ni\u011fde,Ordu,Rize,Sakarya,Samsun,Siirt,Sinop,Sivas,Tekirda\u011f,Tokat,Trabzon,Tunceli,\u015eanl\u0131urfa,U\u015fak,Van,Yozgat,Zonguldak,Aksaray,Bayburt,Karaman,K\u0131r\u0131kkale,Batman,\u015e\u0131rnak,Bart\u0131n,Ardahan,I\u011fd\u0131r,Yalova,Karab\u00fck,Kilis,Osmaniye,D\u00fczce&#8217;\/][contact-field label=&#8217;Oda Say\u0131s\u0131&#8230;?&#8217; type=&#8217;select&#8217; required=&#8217;1&#8242; options=&#8217;,1+1,1+1,2+1,3+1,4+1,Par\u00e7a E\u015fya&#8217;\/][contact-field label=&#8217;E\u015fya Nas\u0131l Ta\u015f\u0131nacak&#8230;?&#8217; type=&#8217;select&#8217; required=&#8217;1&#8242; options=&#8217;,Bina Asans\u00f6r\u00fc Kullan\u0131lmaya M\u00fcsait,Bina Asans\u00f6r\u00fc Kullan\u0131lmaya M\u00fcsait De\u011fil,Mod\u00fcler Asans\u00f6r Kullan\u0131lmas\u0131n\u0131 \u0130stiyorum,Bilmiyorum&#8217;\/][contact-field label=&#8217;Paketleme Hizmeti..?&#8217; type=&#8217;select&#8217; required=&#8217;1&#8242; options=&#8217;,Biz Paketleriz,Firma Toplay\u0131p Paketlesin,,\u0130lk se\u00e7enek&#8217;\/][contact-field label=&#8217;E\u015fyan\u0131n Gidece\u011fi Yer Bilgisi&#8230;?&#8217; type=&#8217;checkbox&#8217;\/][contact-field label=&#8217;2 &#8211; \u015eehir..?&#8217; type=&#8217;select&#8217; required=&#8217;1&#8242; options=&#8217;,Adana,Ad\u0131yaman,Afyonkarahisar,A\u011fr\u0131,Aksaray,Amasya,Ankara,Antalya,Ardahan,Artvin,Ayd\u0131n,Bal\u0131kesir,Bart\u0131n,Batman,Bayburt,Bilecik,Bing\u00f6l,Bitlis,Bolu,Burdur,Bursa,\u00c7anakkale,\u00c7ank\u0131r\u0131,\u00c7orum,Denizli,Diyarbak\u0131r,D\u00fczce,Edirne,Elaz\u0131\u011f,Erzincan,Erzurum,Eski\u015fehir,Gaziantep,Giresun,G\u00fcm\u00fc\u015fhane,Hakkari,Hatay,I\u011fd\u0131r,Isparta,\u0130stanbul,\u0130zmir,Kahramanmara\u015f,Karab\u00fck,Karaman,Kars,Kastamonu,Kayseri,K\u0131r\u0131kkale,K\u0131rklareli,K\u0131r\u015fehir,Kilis,Kocaeli,Konya,K\u00fctahya,Malatya,Manisa,Mardin,Mersin,Mu\u011fla,Mu\u015f,Nev\u015fehir,Ni\u011fde,Ordu,Osmaniye,Rize,Sakarya,Samsun,Siirt,Sinop,Sivas,\u015eanl\u0131 Urfa,\u015e\u0131rnak,Tekirda\u011f,Tokat,Trabzon,Tunceli,U\u015fak,Van,Yalova,Yozgat,Zonguldak&#8217;\/][contact-field label=&#8217;Kat Durumu&#8230;&#8217; type=&#8217;select&#8217; required=&#8217;1&#8242; options=&#8217;,M\u00fcstakil Ev,Zemin Kat,Kat-1,Kat-2,Kat-3,Kat-4,Kat-5,Kat-6,Kat-7,Kat-8,Kat-9,Kat-10,Kat-11,Kat-12,Kat-13,Kat-14,Kat-15,Kat-16,Kat-17,Kat-18,Kat-19,Kat-20&#8217;\/][contact-field label=&#8217;Kat Durumu&#8230;&#8217; type=&#8217;select&#8217; options=&#8217;,M\u00fcstakil Ev,Zemin Kat,Kat-1,Kat-2,Kat-3,Kat-4,Kat-5,Kat-6,Kat-7,Kat-8,Kat-9,Kat-10,Kat-11,Kat-12,Kat-13,Kat-14,Kat-15,Kat-16,Kat-17,Kat-18,Kat-19,Kat-20&#8217;\/][contact-field label=&#8217;E\u015fya Nas\u0131l Ta\u015f\u0131nacak..&#8217; type=&#8217;select&#8217; required=&#8217;1&#8242; options=&#8217;,Bina Asans\u00f6r\u00fc Kullan\u0131lmaya M\u00fcsait,Bina Asans\u00f6r\u00fc Kullan\u0131lmaya M\u00fcsait De\u011fil,Mod\u00fcler Asans\u00f6r Kullan\u0131lmas\u0131n\u0131 \u0130stiyorum,Bilmiyorum&#8217;\/][contact-field label=&#8217;Detayl\u0131 bilgi&#8217; type=&#8217;textarea&#8217; required=&#8217;1&#8217;\/][\/contact-form]<\/p>\n<\/blockquote>\n<h2 style=\"text-align: center\"><\/h2>\n<ul style=\"text-align: center\">\n<li style=\"text-align: left\">Destek \u00a0: \u00a0destek@emniyetevdenevenakliyat.com<\/li>\n<li style=\"text-align: left\">Genel \u00a0: \u00a0emniyet@emniyetevdenevenakliyat.com<\/li>\n<li style=\"text-align: left\">Muhasebe :\u00a0<a href=\"http:\/\/www.emniyetevdenevenakliyat.com\/iletisim\/muahsebe@emniyetevdenevenakliyat.com\">\u00a0<\/a>muahsebe@emniyetevdenevenakliyat.com<\/li>\n<li style=\"text-align: left\">\u015eikayet \u00a0: \u00a0sikayet@emniyetevdenevenakliyat.com<\/li>\n<\/ul>\n<p style=\"text-align: left\">web:\u00a0<a title=\"www.emniyetevdenevenakliyat.com\" href=\"http:\/\/www.emniyetevdenevenakliyat.com\/\">www.emniyetevdenevenakliyat.com<\/a><\/p>\n<p style=\"text-align: left\"><span style=\"color: #ffffff\"><a style=\"color: #ffffff\" title=\"kayseri evden eve nakliyat\" href=\"http:\/\/kayserievdenevenakliyeciler.net\/\" target=\"_blank\">kayseri evden eve nakliyat<\/a><\/span><\/p>\n<p style=\"text-align: left\"><span style=\"color: #ffffff\"><a style=\"color: #ffffff\" title=\"kayseri evden eve nakliyat\" href=\"http:\/\/www.kayserievdenevenakliye.net\/\" target=\"_blank\">kayseri evden eve nakliyat<\/a><\/span><\/p>\n<p style=\"text-align: left\"><span style=\"color: #ffffff\"><a style=\"color: #ffffff\" title=\"kayseri evden eve nakliyat\" href=\"http:\/\/www.evdenevenakliyatc.net\/\" target=\"_blank\">kayseri evden eve nakliyat<\/a><\/span><\/p>\n<p style=\"text-align: left\"><span style=\"color: #ffffff\"><a style=\"color: #ffffff\" title=\"kayseri evden eve nakliyat\" href=\"http:\/\/www.kayserievdenevenakliyat.biz\/\" target=\"_blank\">kayseri evden eve nakliyat<\/a><\/span><\/p>\n","protected":false},"excerpt":{"rendered":"<p>\u00a0Gsm: 0536 3117259 Gsm:0554 530 9748 [contact-form to=&#8217;emniyet@emniyetevdenevenakliyat.com&#8217; subject=&#8217;emniyet@emniyetevdenevenakliyat.com&#8217;][contact-field label=&#8217;Ad &#8216; type=&#8217;name&#8217; required=&#8217;1&#8217;\/][contact-field label=&#8217;Soyad &#8216; type=&#8217;text&#8217; required=&#8217;1&#8217;\/][contact-field label=&#8217;Gsm&#8217; type=&#8217;text&#8217; required=&#8217;1&#8217;\/][contact-field label=&#8217;Gsm-2&#8242; type=&#8217;text&#8217;\/][contact-field label=&#8217;E\u015fyan\u0131n Al\u0131naca\u011f\u0131 Yer Bilgisi&#8230;?&#8217; type=&#8217;checkbox&#8217;\/][contact-field label=&#8217;\u015eehir *&#8217; type=&#8217;select&#8217; required=&#8217;1&#8242; options=&#8217;,Adana,Ad\u0131yaman,Afyon,A\u011fr\u0131,Amasya,Ankara,Antalya,Artvin,Ayd\u0131n,Bal\u0131kesir,Bilecik,Bing\u00f6l,Bitlis,Bolu,Burdur,Bursa,\u00c7anakkale,\u00c7ank\u0131r\u0131,\u00c7orum,Denizli,Diyarbak\u0131r,Edirne,Elaz\u0131\u011f,Erzincan,Erzurum,Eski\u015fehir,Gaziantep,Giresun,G\u00fcm\u00fc\u015fhane,Hakkari,Hatay,Isparta,\u0130\u00e7el (Mersin),\u0130stanbul,\u0130zmir,Kars,Kastamonu,Kayseri,K\u0131rklareli,K\u0131r\u015fehir,Kocaeli,Konya,K\u00fctahya,Malatya,Manisa,K.mara\u015f,Mardin,Mu\u011fla,Mu\u015f,Nev\u015fehir,Ni\u011fde,Ordu,Rize,Sakarya,Samsun,Siirt,Sinop,Sivas,Tekirda\u011f,Tokat,Trabzon,Tunceli,\u015eanl\u0131urfa,U\u015fak,Van,Yozgat,Zonguldak,Aksaray,Bayburt,Karaman,K\u0131r\u0131kkale,Batman,\u015e\u0131rnak,Bart\u0131n,Ardahan,I\u011fd\u0131r,Yalova,Karab\u00fck,Kilis,Osmaniye,D\u00fczce&#8217;\/][contact-field label=&#8217;Oda Say\u0131s\u0131&#8230;?&#8217; type=&#8217;select&#8217; required=&#8217;1&#8242; options=&#8217;,1+1,1+1,2+1,3+1,4+1,Par\u00e7a E\u015fya&#8217;\/][contact-field label=&#8217;E\u015fya Nas\u0131l Ta\u015f\u0131nacak&#8230;?&#8217; type=&#8217;select&#8217; required=&#8217;1&#8242; options=&#8217;,Bina Asans\u00f6r\u00fc Kullan\u0131lmaya M\u00fcsait,Bina Asans\u00f6r\u00fc Kullan\u0131lmaya M\u00fcsait De\u011fil,Mod\u00fcler Asans\u00f6r Kullan\u0131lmas\u0131n\u0131 \u0130stiyorum,Bilmiyorum&#8217;\/][contact-field [&hellip;]<\/p>\n","protected":false},"author":1,"featured_media":0,"parent":0,"menu_order":0,"comment_status":"open","ping_status":"open","template":"","meta":{"footnotes":""},"class_list":["post-164","page","type-page","status-publish","hentry"],"yoast_head":"<!-- This site is optimized with the Yoast SEO plugin v27.4 - https:\/\/yoast.com\/product\/yoast-seo-wordpress\/ -->\n<title>Yozgat evden eve nakliyat<\/title>\n<meta name=\"description\" content=\"\u0130LET\u0130\u015e\u0130M-yozgat Evden Eve Nakliyat, yozgat Nakliyat, Evden Eve, Nakliye, Nakliyat Evden Eve, yozgat E\u015fya Depolama, yozgat evden eve nakliyat, Asans\u00f6rl\u00fc\" \/>\n<meta name=\"robots\" content=\"index, follow, max-snippet:-1, max-image-preview:large, max-video-preview:-1\" \/>\n<link rel=\"canonical\" href=\"https:\/\/emniyetnakliyat.com\/yozgat\/iletisim-2\/\" \/>\n<meta property=\"og:locale\" content=\"tr_TR\" \/>\n<meta property=\"og:type\" content=\"article\" \/>\n<meta property=\"og:title\" content=\"Yozgat evden eve nakliyat\" \/>\n<meta property=\"og:description\" content=\"\u0130LET\u0130\u015e\u0130M-yozgat Evden Eve Nakliyat, yozgat Nakliyat, Evden Eve, Nakliye, Nakliyat Evden Eve, yozgat E\u015fya Depolama, yozgat evden eve nakliyat, Asans\u00f6rl\u00fc\" \/>\n<meta property=\"og:url\" content=\"https:\/\/emniyetnakliyat.com\/yozgat\/iletisim-2\/\" \/>\n<meta property=\"og:site_name\" content=\"yozgat Evden Eve Nakliyat\" \/>\n<meta name=\"twitter:card\" content=\"summary_large_image\" \/>\n<meta name=\"twitter:label1\" content=\"Tahmini okuma s\u00fcresi\" \/>\n\t<meta name=\"twitter:data1\" content=\"3 dakika\" \/>\n<script type=\"application\/ld+json\" class=\"yoast-schema-graph\">{\"@context\":\"https:\\\/\\\/schema.org\",\"@graph\":[{\"@type\":\"WebPage\",\"@id\":\"https:\\\/\\\/emniyetnakliyat.com\\\/yozgat\\\/iletisim-2\\\/\",\"url\":\"https:\\\/\\\/emniyetnakliyat.com\\\/yozgat\\\/iletisim-2\\\/\",\"name\":\"Yozgat evden eve nakliyat\",\"isPartOf\":{\"@id\":\"https:\\\/\\\/emniyetnakliyat.com\\\/yozgat\\\/#website\"},\"datePublished\":\"2014-03-03T06:40:22+00:00\",\"description\":\"\u0130LET\u0130\u015e\u0130M-yozgat Evden Eve Nakliyat, yozgat Nakliyat, Evden Eve, Nakliye, Nakliyat Evden Eve, yozgat E\u015fya Depolama, yozgat evden eve nakliyat, Asans\u00f6rl\u00fc\",\"breadcrumb\":{\"@id\":\"https:\\\/\\\/emniyetnakliyat.com\\\/yozgat\\\/iletisim-2\\\/#breadcrumb\"},\"inLanguage\":\"tr\",\"potentialAction\":[{\"@type\":\"ReadAction\",\"target\":[\"https:\\\/\\\/emniyetnakliyat.com\\\/yozgat\\\/iletisim-2\\\/\"]}]},{\"@type\":\"BreadcrumbList\",\"@id\":\"https:\\\/\\\/emniyetnakliyat.com\\\/yozgat\\\/iletisim-2\\\/#breadcrumb\",\"itemListElement\":[{\"@type\":\"ListItem\",\"position\":1,\"name\":\"Anasayfa\",\"item\":\"https:\\\/\\\/emniyetnakliyat.com\\\/yozgat\\\/\"},{\"@type\":\"ListItem\",\"position\":2,\"name\":\"\u0130LET\u0130\u015e\u0130M\"}]},{\"@type\":\"WebSite\",\"@id\":\"https:\\\/\\\/emniyetnakliyat.com\\\/yozgat\\\/#website\",\"url\":\"https:\\\/\\\/emniyetnakliyat.com\\\/yozgat\\\/\",\"name\":\"Kayseri Evden Eve Nakliyat\",\"description\":\"yozgat Evden Eve\",\"publisher\":{\"@id\":\"https:\\\/\\\/emniyetnakliyat.com\\\/yozgat\\\/#organization\"},\"alternateName\":\"Kayseri Nakliyat\",\"potentialAction\":[{\"@type\":\"SearchAction\",\"target\":{\"@type\":\"EntryPoint\",\"urlTemplate\":\"https:\\\/\\\/emniyetnakliyat.com\\\/yozgat\\\/?s={search_term_string}\"},\"query-input\":{\"@type\":\"PropertyValueSpecification\",\"valueRequired\":true,\"valueName\":\"search_term_string\"}}],\"inLanguage\":\"tr\"},{\"@type\":\"Organization\",\"@id\":\"https:\\\/\\\/emniyetnakliyat.com\\\/yozgat\\\/#organization\",\"name\":\"Kayseri Emniyet Evden Eve Nakliyat\",\"alternateName\":\"Kayseri Evden Eve Nakliyat\",\"url\":\"https:\\\/\\\/emniyetnakliyat.com\\\/yozgat\\\/\",\"logo\":{\"@type\":\"ImageObject\",\"inLanguage\":\"tr\",\"@id\":\"https:\\\/\\\/emniyetnakliyat.com\\\/yozgat\\\/#\\\/schema\\\/logo\\\/image\\\/\",\"url\":\"\",\"contentUrl\":\"\",\"caption\":\"Kayseri Emniyet Evden Eve Nakliyat\"},\"image\":{\"@id\":\"https:\\\/\\\/emniyetnakliyat.com\\\/yozgat\\\/#\\\/schema\\\/logo\\\/image\\\/\"}}]}<\/script>\n<!-- \/ Yoast SEO plugin. -->","yoast_head_json":{"title":"Yozgat evden eve nakliyat","description":"\u0130LET\u0130\u015e\u0130M-yozgat Evden Eve Nakliyat, yozgat Nakliyat, Evden Eve, Nakliye, Nakliyat Evden Eve, yozgat E\u015fya Depolama, yozgat evden eve nakliyat, Asans\u00f6rl\u00fc","robots":{"index":"index","follow":"follow","max-snippet":"max-snippet:-1","max-image-preview":"max-image-preview:large","max-video-preview":"max-video-preview:-1"},"canonical":"https:\/\/emniyetnakliyat.com\/yozgat\/iletisim-2\/","og_locale":"tr_TR","og_type":"article","og_title":"Yozgat evden eve nakliyat","og_description":"\u0130LET\u0130\u015e\u0130M-yozgat Evden Eve Nakliyat, yozgat Nakliyat, Evden Eve, Nakliye, Nakliyat Evden Eve, yozgat E\u015fya Depolama, yozgat evden eve nakliyat, Asans\u00f6rl\u00fc","og_url":"https:\/\/emniyetnakliyat.com\/yozgat\/iletisim-2\/","og_site_name":"yozgat Evden Eve Nakliyat","twitter_card":"summary_large_image","twitter_misc":{"Tahmini okuma s\u00fcresi":"3 dakika"},"schema":{"@context":"https:\/\/schema.org","@graph":[{"@type":"WebPage","@id":"https:\/\/emniyetnakliyat.com\/yozgat\/iletisim-2\/","url":"https:\/\/emniyetnakliyat.com\/yozgat\/iletisim-2\/","name":"Yozgat evden eve nakliyat","isPartOf":{"@id":"https:\/\/emniyetnakliyat.com\/yozgat\/#website"},"datePublished":"2014-03-03T06:40:22+00:00","description":"\u0130LET\u0130\u015e\u0130M-yozgat Evden Eve Nakliyat, yozgat Nakliyat, Evden Eve, Nakliye, Nakliyat Evden Eve, yozgat E\u015fya Depolama, yozgat evden eve nakliyat, Asans\u00f6rl\u00fc","breadcrumb":{"@id":"https:\/\/emniyetnakliyat.com\/yozgat\/iletisim-2\/#breadcrumb"},"inLanguage":"tr","potentialAction":[{"@type":"ReadAction","target":["https:\/\/emniyetnakliyat.com\/yozgat\/iletisim-2\/"]}]},{"@type":"BreadcrumbList","@id":"https:\/\/emniyetnakliyat.com\/yozgat\/iletisim-2\/#breadcrumb","itemListElement":[{"@type":"ListItem","position":1,"name":"Anasayfa","item":"https:\/\/emniyetnakliyat.com\/yozgat\/"},{"@type":"ListItem","position":2,"name":"\u0130LET\u0130\u015e\u0130M"}]},{"@type":"WebSite","@id":"https:\/\/emniyetnakliyat.com\/yozgat\/#website","url":"https:\/\/emniyetnakliyat.com\/yozgat\/","name":"Kayseri Evden Eve Nakliyat","description":"yozgat Evden Eve","publisher":{"@id":"https:\/\/emniyetnakliyat.com\/yozgat\/#organization"},"alternateName":"Kayseri Nakliyat","potentialAction":[{"@type":"SearchAction","target":{"@type":"EntryPoint","urlTemplate":"https:\/\/emniyetnakliyat.com\/yozgat\/?s={search_term_string}"},"query-input":{"@type":"PropertyValueSpecification","valueRequired":true,"valueName":"search_term_string"}}],"inLanguage":"tr"},{"@type":"Organization","@id":"https:\/\/emniyetnakliyat.com\/yozgat\/#organization","name":"Kayseri Emniyet Evden Eve Nakliyat","alternateName":"Kayseri Evden Eve Nakliyat","url":"https:\/\/emniyetnakliyat.com\/yozgat\/","logo":{"@type":"ImageObject","inLanguage":"tr","@id":"https:\/\/emniyetnakliyat.com\/yozgat\/#\/schema\/logo\/image\/","url":"","contentUrl":"","caption":"Kayseri Emniyet Evden Eve Nakliyat"},"image":{"@id":"https:\/\/emniyetnakliyat.com\/yozgat\/#\/schema\/logo\/image\/"}}]}},"_links":{"self":[{"href":"https:\/\/emniyetnakliyat.com\/yozgat\/wp-json\/wp\/v2\/pages\/164","targetHints":{"allow":["GET"]}}],"collection":[{"href":"https:\/\/emniyetnakliyat.com\/yozgat\/wp-json\/wp\/v2\/pages"}],"about":[{"href":"https:\/\/emniyetnakliyat.com\/yozgat\/wp-json\/wp\/v2\/types\/page"}],"author":[{"embeddable":true,"href":"https:\/\/emniyetnakliyat.com\/yozgat\/wp-json\/wp\/v2\/users\/1"}],"replies":[{"embeddable":true,"href":"https:\/\/emniyetnakliyat.com\/yozgat\/wp-json\/wp\/v2\/comments?post=164"}],"version-history":[{"count":0,"href":"https:\/\/emniyetnakliyat.com\/yozgat\/wp-json\/wp\/v2\/pages\/164\/revisions"}],"wp:attachment":[{"href":"https:\/\/emniyetnakliyat.com\/yozgat\/wp-json\/wp\/v2\/media?parent=164"}],"curies":[{"name":"wp","href":"https:\/\/api.w.org\/{rel}","templated":true}]}}