{"id":162,"date":"2014-03-03T08:34:10","date_gmt":"2014-03-03T06:34:10","guid":{"rendered":"https:\/\/yozgatevdenevenakliyat.net.tr\/?page_id=162"},"modified":"2014-03-03T08:34:10","modified_gmt":"2014-03-03T06:34:10","slug":"hakimizda","status":"publish","type":"page","link":"https:\/\/emniyetnakliyat.com\/yozgat\/hakimizda\/","title":{"rendered":"HAKIMIZDA"},"content":{"rendered":"<p>HAKIMIZDA<br \/>\n20 y\u0131ldan fazla zamand\u0131r i\u00e7inde bulundu\u011fumuz evden eve nakliyat, baba mesle\u011fi diyebilece\u011fimiz bir dal olan ev ta\u015f\u0131ma ve ofis ta\u015f\u0131ma uygulamalar\u0131n\u0131, zaman i\u00e7inde geli\u015fen ambalaj malzeme ve detay \u00e7\u00f6z\u00fcm sistemlerini yak\u0131ndan takip ederek ve sekt\u00f6r\u00fcm\u00fczdeki her yenili\u011fe b\u00fcy\u00fck bir heyecan ve merakla sar\u0131larak, kendimizi,misyonumuzu ve vizyonumuzu geli\u015ftirmeyi bir g\u00f6rev bildik.<br \/>\nKurumsalla\u015fman\u0131n ve ekip \u00e7al\u0131\u015fmas\u0131n\u0131n bilincine vard\u0131\u011f\u0131m\u0131z bu s\u00fcre i\u00e7erisinde, bu yap\u0131lanmay\u0131 profesyonel ekipler ve ekipmanlarla takviye ederek, kendimizi s\u00fcrekli yeniledi\u011fimize ve geli\u015ftirdi\u011fimize olan inanc\u0131m\u0131zla evden eve nakliyat konusunda sekt\u00f6rde bizde var\u0131z dedik.<br \/>\nYap\u0131lar\u0131n ev ta\u015f\u0131ma t\u00fcrkiye 83 il il\u00e7e her noktas\u0131nda olu\u015fan evden eve ta\u015f\u0131ma ihtiyac\u0131n\u0131n kar\u015f\u0131lanmas\u0131 ve do\u011fru detay \u00e7\u00f6z\u00fcmleri olu\u015fturulmas\u0131 gereklili\u011fini Vizyonumuz haline getirirken.<br \/>\nYapm\u0131\u015f oldu\u011fumuz uygulamalar\u0131n her an arkas\u0131nda durmay\u0131 ve a\u00e7t\u0131\u011f\u0131m\u0131z hi\u00e7bir kap\u0131y\u0131 kapatmamay\u0131 kendimize Misyon edindik.<br \/>\nevden eve nakliyat konusunda hi\u00e7bir zaman k\u00fc\u00e7\u00fck i\u015f, b\u00fcy\u00fck i\u015f ayr\u0131m\u0131 asla yapmad\u0131k. Bir \u00e7ok ev ta\u015f\u0131ma . ofis ta\u015f\u0131ma .banka ta\u015f\u0131ma . hastane ta\u015f\u0131ma dersane ta\u015f\u0131ma fabirika ta\u015f\u0131ma okul ta\u015f\u0131ma verdi\u011fimiz hizmetin hep arkas\u0131nda durduk.Do\u011fru bildi\u011fimizi hep s\u00f6yledik<br \/>\nDo\u011fru bildiklerimizi do\u011fru bir \u015fekilde yapmak i\u00e7in var\u0131z&#8230;<a href=\"https:\/\/emniyetnakliyat.com\/yozgat\/wp-content\/uploads\/sites\/4\/2013\/12\/images-9.jpg\"><img loading=\"lazy\" decoding=\"async\" class=\"size-full wp-image-78 alignleft\" alt=\"images (9)\" src=\"https:\/\/emniyetnakliyat.com\/yozgat\/wp-content\/uploads\/sites\/4\/2013\/12\/images-9.jpg\" width=\"424\" height=\"119\" srcset=\"https:\/\/emniyetnakliyat.com\/yozgat\/wp-content\/uploads\/sites\/4\/2013\/12\/images-9.jpg 424w, https:\/\/emniyetnakliyat.com\/yozgat\/wp-content\/uploads\/sites\/4\/2013\/12\/images-9-300x84.jpg 300w\" sizes=\"auto, (max-width: 424px) 100vw, 424px\" \/><\/a><\/p>\n","protected":false},"excerpt":{"rendered":"<p>HAKIMIZDA 20 y\u0131ldan fazla zamand\u0131r i\u00e7inde bulundu\u011fumuz evden eve nakliyat, baba mesle\u011fi diyebilece\u011fimiz bir dal olan ev ta\u015f\u0131ma ve ofis ta\u015f\u0131ma uygulamalar\u0131n\u0131, zaman i\u00e7inde geli\u015fen ambalaj malzeme ve detay \u00e7\u00f6z\u00fcm sistemlerini yak\u0131ndan takip ederek ve sekt\u00f6r\u00fcm\u00fczdeki her yenili\u011fe b\u00fcy\u00fck bir heyecan ve merakla sar\u0131larak, kendimizi,misyonumuzu ve vizyonumuzu geli\u015ftirmeyi bir g\u00f6rev bildik. Kurumsalla\u015fman\u0131n ve ekip \u00e7al\u0131\u015fmas\u0131n\u0131n [&hellip;]<\/p>\n","protected":false},"author":1,"featured_media":0,"parent":0,"menu_order":0,"comment_status":"open","ping_status":"open","template":"","meta":{"footnotes":""},"class_list":["post-162","page","type-page","status-publish","hentry"],"yoast_head":"<!-- This site is optimized with the Yoast SEO plugin v27.4 - https:\/\/yoast.com\/product\/yoast-seo-wordpress\/ -->\n<title>Hak\u0131m\u0131zda -yozgat Evden Eve Nakliyat<\/title>\n<meta name=\"description\" content=\"Hak\u0131m\u0131zda -yozgat Evden Eve Nakliyat, yozgat Nakliyat, Evden Eve, Nakliye, Nakliyat Evden Eve, yozgat E\u015fya Depolama, yozgat evden eve nakliyat, Asans\u00f6rl\u00fc Nakliyat, depolama merkezi\" \/>\n<meta name=\"robots\" content=\"index, follow, max-snippet:-1, max-image-preview:large, max-video-preview:-1\" \/>\n<link rel=\"canonical\" href=\"https:\/\/emniyetnakliyat.com\/yozgat\/hakimizda\/\" \/>\n<meta property=\"og:locale\" content=\"tr_TR\" \/>\n<meta property=\"og:type\" content=\"article\" \/>\n<meta property=\"og:title\" content=\"Hak\u0131m\u0131zda -yozgat Evden Eve Nakliyat\" \/>\n<meta property=\"og:description\" content=\"Hak\u0131m\u0131zda -yozgat Evden Eve Nakliyat, yozgat Nakliyat, Evden Eve, Nakliye, Nakliyat Evden Eve, yozgat E\u015fya Depolama, yozgat evden eve nakliyat, Asans\u00f6rl\u00fc Nakliyat, depolama merkezi\" \/>\n<meta property=\"og:url\" content=\"https:\/\/emniyetnakliyat.com\/yozgat\/hakimizda\/\" \/>\n<meta property=\"og:site_name\" content=\"yozgat Evden Eve Nakliyat\" \/>\n<meta property=\"og:image\" content=\"https:\/\/emniyetnakliyat.com\/yozgat\/wp-content\/uploads\/sites\/4\/2013\/12\/images-9.jpg\" \/>\n\t<meta property=\"og:image:width\" content=\"424\" \/>\n\t<meta property=\"og:image:height\" content=\"119\" \/>\n\t<meta property=\"og:image:type\" content=\"image\/jpeg\" \/>\n<meta name=\"twitter:card\" content=\"summary_large_image\" \/>\n<meta name=\"twitter:label1\" content=\"Tahmini okuma s\u00fcresi\" \/>\n\t<meta name=\"twitter:data1\" content=\"1 dakika\" \/>\n<script type=\"application\/ld+json\" class=\"yoast-schema-graph\">{\"@context\":\"https:\\\/\\\/schema.org\",\"@graph\":[{\"@type\":\"WebPage\",\"@id\":\"https:\\\/\\\/emniyetnakliyat.com\\\/yozgat\\\/hakimizda\\\/\",\"url\":\"https:\\\/\\\/emniyetnakliyat.com\\\/yozgat\\\/hakimizda\\\/\",\"name\":\"Hak\u0131m\u0131zda -yozgat Evden Eve Nakliyat\",\"isPartOf\":{\"@id\":\"https:\\\/\\\/emniyetnakliyat.com\\\/yozgat\\\/#website\"},\"primaryImageOfPage\":{\"@id\":\"https:\\\/\\\/emniyetnakliyat.com\\\/yozgat\\\/hakimizda\\\/#primaryimage\"},\"image\":{\"@id\":\"https:\\\/\\\/emniyetnakliyat.com\\\/yozgat\\\/hakimizda\\\/#primaryimage\"},\"thumbnailUrl\":\"https:\\\/\\\/emniyetnakliyat.com\\\/yozgat\\\/wp-content\\\/uploads\\\/sites\\\/4\\\/2013\\\/12\\\/images-9.jpg\",\"datePublished\":\"2014-03-03T06:34:10+00:00\",\"description\":\"Hak\u0131m\u0131zda -yozgat Evden Eve Nakliyat, yozgat Nakliyat, Evden Eve, Nakliye, Nakliyat Evden Eve, yozgat E\u015fya Depolama, yozgat evden eve nakliyat, Asans\u00f6rl\u00fc Nakliyat, depolama merkezi\",\"breadcrumb\":{\"@id\":\"https:\\\/\\\/emniyetnakliyat.com\\\/yozgat\\\/hakimizda\\\/#breadcrumb\"},\"inLanguage\":\"tr\",\"potentialAction\":[{\"@type\":\"ReadAction\",\"target\":[\"https:\\\/\\\/emniyetnakliyat.com\\\/yozgat\\\/hakimizda\\\/\"]}]},{\"@type\":\"ImageObject\",\"inLanguage\":\"tr\",\"@id\":\"https:\\\/\\\/emniyetnakliyat.com\\\/yozgat\\\/hakimizda\\\/#primaryimage\",\"url\":\"https:\\\/\\\/emniyetnakliyat.com\\\/yozgat\\\/wp-content\\\/uploads\\\/sites\\\/4\\\/2013\\\/12\\\/images-9.jpg\",\"contentUrl\":\"https:\\\/\\\/emniyetnakliyat.com\\\/yozgat\\\/wp-content\\\/uploads\\\/sites\\\/4\\\/2013\\\/12\\\/images-9.jpg\",\"width\":424,\"height\":119},{\"@type\":\"BreadcrumbList\",\"@id\":\"https:\\\/\\\/emniyetnakliyat.com\\\/yozgat\\\/hakimizda\\\/#breadcrumb\",\"itemListElement\":[{\"@type\":\"ListItem\",\"position\":1,\"name\":\"Anasayfa\",\"item\":\"https:\\\/\\\/emniyetnakliyat.com\\\/yozgat\\\/\"},{\"@type\":\"ListItem\",\"position\":2,\"name\":\"HAKIMIZDA\"}]},{\"@type\":\"WebSite\",\"@id\":\"https:\\\/\\\/emniyetnakliyat.com\\\/yozgat\\\/#website\",\"url\":\"https:\\\/\\\/emniyetnakliyat.com\\\/yozgat\\\/\",\"name\":\"Kayseri Evden Eve Nakliyat\",\"description\":\"yozgat Evden Eve\",\"publisher\":{\"@id\":\"https:\\\/\\\/emniyetnakliyat.com\\\/yozgat\\\/#organization\"},\"alternateName\":\"Kayseri Nakliyat\",\"potentialAction\":[{\"@type\":\"SearchAction\",\"target\":{\"@type\":\"EntryPoint\",\"urlTemplate\":\"https:\\\/\\\/emniyetnakliyat.com\\\/yozgat\\\/?s={search_term_string}\"},\"query-input\":{\"@type\":\"PropertyValueSpecification\",\"valueRequired\":true,\"valueName\":\"search_term_string\"}}],\"inLanguage\":\"tr\"},{\"@type\":\"Organization\",\"@id\":\"https:\\\/\\\/emniyetnakliyat.com\\\/yozgat\\\/#organization\",\"name\":\"Kayseri Emniyet Evden Eve Nakliyat\",\"alternateName\":\"Kayseri Evden Eve Nakliyat\",\"url\":\"https:\\\/\\\/emniyetnakliyat.com\\\/yozgat\\\/\",\"logo\":{\"@type\":\"ImageObject\",\"inLanguage\":\"tr\",\"@id\":\"https:\\\/\\\/emniyetnakliyat.com\\\/yozgat\\\/#\\\/schema\\\/logo\\\/image\\\/\",\"url\":\"\",\"contentUrl\":\"\",\"caption\":\"Kayseri Emniyet Evden Eve Nakliyat\"},\"image\":{\"@id\":\"https:\\\/\\\/emniyetnakliyat.com\\\/yozgat\\\/#\\\/schema\\\/logo\\\/image\\\/\"}}]}<\/script>\n<!-- \/ Yoast SEO plugin. -->","yoast_head_json":{"title":"Hak\u0131m\u0131zda -yozgat Evden Eve Nakliyat","description":"Hak\u0131m\u0131zda -yozgat Evden Eve Nakliyat, yozgat Nakliyat, Evden Eve, Nakliye, Nakliyat Evden Eve, yozgat E\u015fya Depolama, yozgat evden eve nakliyat, Asans\u00f6rl\u00fc Nakliyat, depolama merkezi","robots":{"index":"index","follow":"follow","max-snippet":"max-snippet:-1","max-image-preview":"max-image-preview:large","max-video-preview":"max-video-preview:-1"},"canonical":"https:\/\/emniyetnakliyat.com\/yozgat\/hakimizda\/","og_locale":"tr_TR","og_type":"article","og_title":"Hak\u0131m\u0131zda -yozgat Evden Eve Nakliyat","og_description":"Hak\u0131m\u0131zda -yozgat Evden Eve Nakliyat, yozgat Nakliyat, Evden Eve, Nakliye, Nakliyat Evden Eve, yozgat E\u015fya Depolama, yozgat evden eve nakliyat, Asans\u00f6rl\u00fc Nakliyat, depolama merkezi","og_url":"https:\/\/emniyetnakliyat.com\/yozgat\/hakimizda\/","og_site_name":"yozgat Evden Eve Nakliyat","og_image":[{"width":424,"height":119,"url":"https:\/\/emniyetnakliyat.com\/yozgat\/wp-content\/uploads\/sites\/4\/2013\/12\/images-9.jpg","type":"image\/jpeg"}],"twitter_card":"summary_large_image","twitter_misc":{"Tahmini okuma s\u00fcresi":"1 dakika"},"schema":{"@context":"https:\/\/schema.org","@graph":[{"@type":"WebPage","@id":"https:\/\/emniyetnakliyat.com\/yozgat\/hakimizda\/","url":"https:\/\/emniyetnakliyat.com\/yozgat\/hakimizda\/","name":"Hak\u0131m\u0131zda -yozgat Evden Eve Nakliyat","isPartOf":{"@id":"https:\/\/emniyetnakliyat.com\/yozgat\/#website"},"primaryImageOfPage":{"@id":"https:\/\/emniyetnakliyat.com\/yozgat\/hakimizda\/#primaryimage"},"image":{"@id":"https:\/\/emniyetnakliyat.com\/yozgat\/hakimizda\/#primaryimage"},"thumbnailUrl":"https:\/\/emniyetnakliyat.com\/yozgat\/wp-content\/uploads\/sites\/4\/2013\/12\/images-9.jpg","datePublished":"2014-03-03T06:34:10+00:00","description":"Hak\u0131m\u0131zda -yozgat Evden Eve Nakliyat, yozgat Nakliyat, Evden Eve, Nakliye, Nakliyat Evden Eve, yozgat E\u015fya Depolama, yozgat evden eve nakliyat, Asans\u00f6rl\u00fc Nakliyat, depolama merkezi","breadcrumb":{"@id":"https:\/\/emniyetnakliyat.com\/yozgat\/hakimizda\/#breadcrumb"},"inLanguage":"tr","potentialAction":[{"@type":"ReadAction","target":["https:\/\/emniyetnakliyat.com\/yozgat\/hakimizda\/"]}]},{"@type":"ImageObject","inLanguage":"tr","@id":"https:\/\/emniyetnakliyat.com\/yozgat\/hakimizda\/#primaryimage","url":"https:\/\/emniyetnakliyat.com\/yozgat\/wp-content\/uploads\/sites\/4\/2013\/12\/images-9.jpg","contentUrl":"https:\/\/emniyetnakliyat.com\/yozgat\/wp-content\/uploads\/sites\/4\/2013\/12\/images-9.jpg","width":424,"height":119},{"@type":"BreadcrumbList","@id":"https:\/\/emniyetnakliyat.com\/yozgat\/hakimizda\/#breadcrumb","itemListElement":[{"@type":"ListItem","position":1,"name":"Anasayfa","item":"https:\/\/emniyetnakliyat.com\/yozgat\/"},{"@type":"ListItem","position":2,"name":"HAKIMIZDA"}]},{"@type":"WebSite","@id":"https:\/\/emniyetnakliyat.com\/yozgat\/#website","url":"https:\/\/emniyetnakliyat.com\/yozgat\/","name":"Kayseri Evden Eve Nakliyat","description":"yozgat Evden Eve","publisher":{"@id":"https:\/\/emniyetnakliyat.com\/yozgat\/#organization"},"alternateName":"Kayseri Nakliyat","potentialAction":[{"@type":"SearchAction","target":{"@type":"EntryPoint","urlTemplate":"https:\/\/emniyetnakliyat.com\/yozgat\/?s={search_term_string}"},"query-input":{"@type":"PropertyValueSpecification","valueRequired":true,"valueName":"search_term_string"}}],"inLanguage":"tr"},{"@type":"Organization","@id":"https:\/\/emniyetnakliyat.com\/yozgat\/#organization","name":"Kayseri Emniyet Evden Eve Nakliyat","alternateName":"Kayseri Evden Eve Nakliyat","url":"https:\/\/emniyetnakliyat.com\/yozgat\/","logo":{"@type":"ImageObject","inLanguage":"tr","@id":"https:\/\/emniyetnakliyat.com\/yozgat\/#\/schema\/logo\/image\/","url":"","contentUrl":"","caption":"Kayseri Emniyet Evden Eve Nakliyat"},"image":{"@id":"https:\/\/emniyetnakliyat.com\/yozgat\/#\/schema\/logo\/image\/"}}]}},"_links":{"self":[{"href":"https:\/\/emniyetnakliyat.com\/yozgat\/wp-json\/wp\/v2\/pages\/162","targetHints":{"allow":["GET"]}}],"collection":[{"href":"https:\/\/emniyetnakliyat.com\/yozgat\/wp-json\/wp\/v2\/pages"}],"about":[{"href":"https:\/\/emniyetnakliyat.com\/yozgat\/wp-json\/wp\/v2\/types\/page"}],"author":[{"embeddable":true,"href":"https:\/\/emniyetnakliyat.com\/yozgat\/wp-json\/wp\/v2\/users\/1"}],"replies":[{"embeddable":true,"href":"https:\/\/emniyetnakliyat.com\/yozgat\/wp-json\/wp\/v2\/comments?post=162"}],"version-history":[{"count":0,"href":"https:\/\/emniyetnakliyat.com\/yozgat\/wp-json\/wp\/v2\/pages\/162\/revisions"}],"wp:attachment":[{"href":"https:\/\/emniyetnakliyat.com\/yozgat\/wp-json\/wp\/v2\/media?parent=162"}],"curies":[{"name":"wp","href":"https:\/\/api.w.org\/{rel}","templated":true}]}}