{"id":31,"date":"2025-07-17T12:42:10","date_gmt":"2025-07-17T09:42:10","guid":{"rendered":"https:\/\/emniyetnakliyat.com\/nigde\/?page_id=31"},"modified":"2025-07-17T12:42:10","modified_gmt":"2025-07-17T09:42:10","slug":"paketleme-hizmetinde-neler-yapilir","status":"publish","type":"page","link":"https:\/\/emniyetnakliyat.com\/nigde\/paketleme-hizmetinde-neler-yapilir\/","title":{"rendered":"Paketleme Hizmetinde Neler Yap\u0131l\u0131r?"},"content":{"rendered":"\n<p>Evet, profesyonel evden eve nakliyat firmalar\u0131 genellikle <strong>e\u015fyalar\u0131n paketlenmesini de \u00fcstlenir<\/strong>. \u00d6zellikle g\u00fcvenilir ve kurumsal firmalar, ta\u015f\u0131nma s\u00fcrecinde e\u015fyalar\u0131n zarar g\u00f6rmemesi i\u00e7in <strong>\u00f6zel ambalaj malzemeleri<\/strong> kullanarak paketleme hizmeti sunar.<\/p>\n\n\n\n<h3 class=\"wp-block-heading\">Paketleme Hizmetinde Neler Yap\u0131l\u0131r?<\/h3>\n\n\n\n<ol class=\"wp-block-list\">\n<li><strong>K\u0131r\u0131lacak E\u015fyalar:<\/strong> Cam, porselen, elektronik cihazlar gibi hassas e\u015fyalar baloncuklu naylon, kraft ka\u011f\u0131t ve \u00f6zel kutularla sar\u0131l\u0131r.<\/li>\n\n\n\n<li><strong>Mobilyalar:<\/strong> Mobilyalar \u00e7izilme ve darbelere kar\u015f\u0131 battaniye, stre\u00e7 film ve k\u00f6\u015fe koruyucularla kaplan\u0131r.<\/li>\n\n\n\n<li><strong>Giysiler ve Ki\u015fisel E\u015fyalar:<\/strong> Ask\u0131l\u0131 giysi dolaplar\u0131 ve \u00f6zel koliler kullan\u0131larak d\u00fczenli \u015fekilde paketlenir.<\/li>\n\n\n\n<li><strong>Mutfak E\u015fyalar\u0131:<\/strong> Tabak, bardak gibi k\u0131r\u0131lacak mutfak e\u015fyalar\u0131 tek tek sar\u0131l\u0131r ve b\u00f6lmeli kutulara yerle\u015ftirilir.<\/li>\n\n\n\n<li><strong>Etiketleme:<\/strong> Her koli, i\u00e7inde ne oldu\u011funa dair etiketlenir. Bu sayede yeni evde e\u015fyalar\u0131n yerle\u015ftirilmesi kolayla\u015f\u0131r.<\/li>\n<\/ol>\n\n\n\n<hr class=\"wp-block-separator has-alpha-channel-opacity\"\/>\n\n\n\n<p><\/p>\n","protected":false},"excerpt":{"rendered":"<p>Evet, profesyonel evden eve nakliyat firmalar\u0131 genellikle e\u015fyalar\u0131n paketlenmesini de \u00fcstlenir. \u00d6zellikle g\u00fcvenilir ve kurumsal firmalar, ta\u015f\u0131nma s\u00fcrecinde e\u015fyalar\u0131n zarar g\u00f6rmemesi i\u00e7in \u00f6zel ambalaj malzemeleri kullanarak paketleme hizmeti sunar. Paketleme Hizmetinde Neler Yap\u0131l\u0131r?<\/p>\n","protected":false},"author":1,"featured_media":0,"parent":0,"menu_order":0,"comment_status":"closed","ping_status":"closed","template":"","meta":{"footnotes":""},"class_list":["post-31","page","type-page","status-publish","hentry"],"yoast_head":"<!-- This site is optimized with the Yoast SEO plugin v27.4 - https:\/\/yoast.com\/product\/yoast-seo-wordpress\/ -->\n<title>Paketleme Hizmetinde Neler Yap\u0131l\u0131r?<\/title>\n<meta name=\"description\" content=\"Paketleme Hizmetinde Neler Yap\u0131l\u0131r? i\u00e7inde ne oldu\u011funa dair etiketlenir. Bu sayede yeni evde e\u015fyalar\u0131n yerle\u015ftirilmesi\" \/>\n<meta name=\"robots\" content=\"index, follow, max-snippet:-1, max-image-preview:large, max-video-preview:-1\" \/>\n<link rel=\"canonical\" href=\"https:\/\/emniyetnakliyat.com\/nigde\/paketleme-hizmetinde-neler-yapilir\/\" \/>\n<meta property=\"og:locale\" content=\"tr_TR\" \/>\n<meta property=\"og:type\" content=\"article\" \/>\n<meta property=\"og:title\" content=\"Paketleme Hizmetinde Neler Yap\u0131l\u0131r?\" \/>\n<meta property=\"og:description\" content=\"Paketleme Hizmetinde Neler Yap\u0131l\u0131r? i\u00e7inde ne oldu\u011funa dair etiketlenir. Bu sayede yeni evde e\u015fyalar\u0131n yerle\u015ftirilmesi\" \/>\n<meta property=\"og:url\" content=\"https:\/\/emniyetnakliyat.com\/nigde\/paketleme-hizmetinde-neler-yapilir\/\" \/>\n<meta property=\"og:site_name\" content=\"N\u0130\u011eDE EVDEN EVE NAKL\u0130YAT\" \/>\n<meta property=\"og:image\" content=\"https:\/\/emniyetnakliyat.com\/nigde\/wp-content\/uploads\/sites\/5\/2025\/07\/iltisim-kamyon-resimi-evden-eve-nakliyat.jpg\" \/>\n\t<meta property=\"og:image:width\" content=\"330\" \/>\n\t<meta property=\"og:image:height\" content=\"295\" \/>\n\t<meta property=\"og:image:type\" content=\"image\/jpeg\" \/>\n<meta name=\"twitter:card\" content=\"summary_large_image\" \/>\n<meta name=\"twitter:label1\" content=\"Tahmini okuma s\u00fcresi\" \/>\n\t<meta name=\"twitter:data1\" content=\"1 dakika\" \/>\n<script type=\"application\/ld+json\" class=\"yoast-schema-graph\">{\"@context\":\"https:\\\/\\\/schema.org\",\"@graph\":[{\"@type\":\"WebPage\",\"@id\":\"https:\\\/\\\/emniyetnakliyat.com\\\/nigde\\\/paketleme-hizmetinde-neler-yapilir\\\/\",\"url\":\"https:\\\/\\\/emniyetnakliyat.com\\\/nigde\\\/paketleme-hizmetinde-neler-yapilir\\\/\",\"name\":\"Paketleme Hizmetinde Neler Yap\u0131l\u0131r?\",\"isPartOf\":{\"@id\":\"https:\\\/\\\/emniyetnakliyat.com\\\/nigde\\\/#website\"},\"datePublished\":\"2025-07-17T09:42:10+00:00\",\"description\":\"Paketleme Hizmetinde Neler Yap\u0131l\u0131r? i\u00e7inde ne oldu\u011funa dair etiketlenir. Bu sayede yeni evde e\u015fyalar\u0131n yerle\u015ftirilmesi\",\"breadcrumb\":{\"@id\":\"https:\\\/\\\/emniyetnakliyat.com\\\/nigde\\\/paketleme-hizmetinde-neler-yapilir\\\/#breadcrumb\"},\"inLanguage\":\"tr\",\"potentialAction\":[{\"@type\":\"ReadAction\",\"target\":[\"https:\\\/\\\/emniyetnakliyat.com\\\/nigde\\\/paketleme-hizmetinde-neler-yapilir\\\/\"]}]},{\"@type\":\"BreadcrumbList\",\"@id\":\"https:\\\/\\\/emniyetnakliyat.com\\\/nigde\\\/paketleme-hizmetinde-neler-yapilir\\\/#breadcrumb\",\"itemListElement\":[{\"@type\":\"ListItem\",\"position\":1,\"name\":\"Anasayfa\",\"item\":\"https:\\\/\\\/emniyetnakliyat.com\\\/nigde\\\/\"},{\"@type\":\"ListItem\",\"position\":2,\"name\":\"Paketleme Hizmetinde Neler Yap\u0131l\u0131r?\"}]},{\"@type\":\"WebSite\",\"@id\":\"https:\\\/\\\/emniyetnakliyat.com\\\/nigde\\\/#website\",\"url\":\"https:\\\/\\\/emniyetnakliyat.com\\\/nigde\\\/\",\"name\":\"Kayseri Evden Eve Nakliyat\",\"description\":\"Ni\u011fde Evden Eve\",\"publisher\":{\"@id\":\"https:\\\/\\\/emniyetnakliyat.com\\\/nigde\\\/#organization\"},\"alternateName\":\"Kayseri Nakliyat\",\"potentialAction\":[{\"@type\":\"SearchAction\",\"target\":{\"@type\":\"EntryPoint\",\"urlTemplate\":\"https:\\\/\\\/emniyetnakliyat.com\\\/nigde\\\/?s={search_term_string}\"},\"query-input\":{\"@type\":\"PropertyValueSpecification\",\"valueRequired\":true,\"valueName\":\"search_term_string\"}}],\"inLanguage\":\"tr\"},{\"@type\":\"Organization\",\"@id\":\"https:\\\/\\\/emniyetnakliyat.com\\\/nigde\\\/#organization\",\"name\":\"Kayseri Emniyet Evden Eve Nakliyat\",\"alternateName\":\"Kayseri Evden Eve Nakliyat\",\"url\":\"https:\\\/\\\/emniyetnakliyat.com\\\/nigde\\\/\",\"logo\":{\"@type\":\"ImageObject\",\"inLanguage\":\"tr\",\"@id\":\"https:\\\/\\\/emniyetnakliyat.com\\\/nigde\\\/#\\\/schema\\\/logo\\\/image\\\/\",\"url\":\"https:\\\/\\\/emniyetnakliyat.com\\\/nigde\\\/wp-content\\\/uploads\\\/sites\\\/5\\\/2025\\\/07\\\/iltisim-kamyon-resimi-evden-eve-nakliyat.jpg\",\"contentUrl\":\"https:\\\/\\\/emniyetnakliyat.com\\\/nigde\\\/wp-content\\\/uploads\\\/sites\\\/5\\\/2025\\\/07\\\/iltisim-kamyon-resimi-evden-eve-nakliyat.jpg\",\"width\":330,\"height\":295,\"caption\":\"Kayseri Emniyet Evden Eve Nakliyat\"},\"image\":{\"@id\":\"https:\\\/\\\/emniyetnakliyat.com\\\/nigde\\\/#\\\/schema\\\/logo\\\/image\\\/\"}}]}<\/script>\n<!-- \/ Yoast SEO plugin. -->","yoast_head_json":{"title":"Paketleme Hizmetinde Neler Yap\u0131l\u0131r?","description":"Paketleme Hizmetinde Neler Yap\u0131l\u0131r? i\u00e7inde ne oldu\u011funa dair etiketlenir. Bu sayede yeni evde e\u015fyalar\u0131n yerle\u015ftirilmesi","robots":{"index":"index","follow":"follow","max-snippet":"max-snippet:-1","max-image-preview":"max-image-preview:large","max-video-preview":"max-video-preview:-1"},"canonical":"https:\/\/emniyetnakliyat.com\/nigde\/paketleme-hizmetinde-neler-yapilir\/","og_locale":"tr_TR","og_type":"article","og_title":"Paketleme Hizmetinde Neler Yap\u0131l\u0131r?","og_description":"Paketleme Hizmetinde Neler Yap\u0131l\u0131r? i\u00e7inde ne oldu\u011funa dair etiketlenir. Bu sayede yeni evde e\u015fyalar\u0131n yerle\u015ftirilmesi","og_url":"https:\/\/emniyetnakliyat.com\/nigde\/paketleme-hizmetinde-neler-yapilir\/","og_site_name":"N\u0130\u011eDE EVDEN EVE NAKL\u0130YAT","og_image":[{"width":330,"height":295,"url":"https:\/\/emniyetnakliyat.com\/nigde\/wp-content\/uploads\/sites\/5\/2025\/07\/iltisim-kamyon-resimi-evden-eve-nakliyat.jpg","type":"image\/jpeg"}],"twitter_card":"summary_large_image","twitter_misc":{"Tahmini okuma s\u00fcresi":"1 dakika"},"schema":{"@context":"https:\/\/schema.org","@graph":[{"@type":"WebPage","@id":"https:\/\/emniyetnakliyat.com\/nigde\/paketleme-hizmetinde-neler-yapilir\/","url":"https:\/\/emniyetnakliyat.com\/nigde\/paketleme-hizmetinde-neler-yapilir\/","name":"Paketleme Hizmetinde Neler Yap\u0131l\u0131r?","isPartOf":{"@id":"https:\/\/emniyetnakliyat.com\/nigde\/#website"},"datePublished":"2025-07-17T09:42:10+00:00","description":"Paketleme Hizmetinde Neler Yap\u0131l\u0131r? i\u00e7inde ne oldu\u011funa dair etiketlenir. Bu sayede yeni evde e\u015fyalar\u0131n yerle\u015ftirilmesi","breadcrumb":{"@id":"https:\/\/emniyetnakliyat.com\/nigde\/paketleme-hizmetinde-neler-yapilir\/#breadcrumb"},"inLanguage":"tr","potentialAction":[{"@type":"ReadAction","target":["https:\/\/emniyetnakliyat.com\/nigde\/paketleme-hizmetinde-neler-yapilir\/"]}]},{"@type":"BreadcrumbList","@id":"https:\/\/emniyetnakliyat.com\/nigde\/paketleme-hizmetinde-neler-yapilir\/#breadcrumb","itemListElement":[{"@type":"ListItem","position":1,"name":"Anasayfa","item":"https:\/\/emniyetnakliyat.com\/nigde\/"},{"@type":"ListItem","position":2,"name":"Paketleme Hizmetinde Neler Yap\u0131l\u0131r?"}]},{"@type":"WebSite","@id":"https:\/\/emniyetnakliyat.com\/nigde\/#website","url":"https:\/\/emniyetnakliyat.com\/nigde\/","name":"Kayseri Evden Eve Nakliyat","description":"Ni\u011fde Evden Eve","publisher":{"@id":"https:\/\/emniyetnakliyat.com\/nigde\/#organization"},"alternateName":"Kayseri Nakliyat","potentialAction":[{"@type":"SearchAction","target":{"@type":"EntryPoint","urlTemplate":"https:\/\/emniyetnakliyat.com\/nigde\/?s={search_term_string}"},"query-input":{"@type":"PropertyValueSpecification","valueRequired":true,"valueName":"search_term_string"}}],"inLanguage":"tr"},{"@type":"Organization","@id":"https:\/\/emniyetnakliyat.com\/nigde\/#organization","name":"Kayseri Emniyet Evden Eve Nakliyat","alternateName":"Kayseri Evden Eve Nakliyat","url":"https:\/\/emniyetnakliyat.com\/nigde\/","logo":{"@type":"ImageObject","inLanguage":"tr","@id":"https:\/\/emniyetnakliyat.com\/nigde\/#\/schema\/logo\/image\/","url":"https:\/\/emniyetnakliyat.com\/nigde\/wp-content\/uploads\/sites\/5\/2025\/07\/iltisim-kamyon-resimi-evden-eve-nakliyat.jpg","contentUrl":"https:\/\/emniyetnakliyat.com\/nigde\/wp-content\/uploads\/sites\/5\/2025\/07\/iltisim-kamyon-resimi-evden-eve-nakliyat.jpg","width":330,"height":295,"caption":"Kayseri Emniyet Evden Eve Nakliyat"},"image":{"@id":"https:\/\/emniyetnakliyat.com\/nigde\/#\/schema\/logo\/image\/"}}]}},"_links":{"self":[{"href":"https:\/\/emniyetnakliyat.com\/nigde\/wp-json\/wp\/v2\/pages\/31","targetHints":{"allow":["GET"]}}],"collection":[{"href":"https:\/\/emniyetnakliyat.com\/nigde\/wp-json\/wp\/v2\/pages"}],"about":[{"href":"https:\/\/emniyetnakliyat.com\/nigde\/wp-json\/wp\/v2\/types\/page"}],"author":[{"embeddable":true,"href":"https:\/\/emniyetnakliyat.com\/nigde\/wp-json\/wp\/v2\/users\/1"}],"replies":[{"embeddable":true,"href":"https:\/\/emniyetnakliyat.com\/nigde\/wp-json\/wp\/v2\/comments?post=31"}],"version-history":[{"count":0,"href":"https:\/\/emniyetnakliyat.com\/nigde\/wp-json\/wp\/v2\/pages\/31\/revisions"}],"wp:attachment":[{"href":"https:\/\/emniyetnakliyat.com\/nigde\/wp-json\/wp\/v2\/media?parent=31"}],"curies":[{"name":"wp","href":"https:\/\/api.w.org\/{rel}","templated":true}]}}