{"id":2,"date":"2025-07-13T21:52:15","date_gmt":"2025-07-13T18:52:15","guid":{"rendered":"https:\/\/emniyetnakliyat.com\/nigde\/?page_id=2"},"modified":"2025-11-26T22:55:04","modified_gmt":"2025-11-26T19:55:04","slug":"nigde-evden-eve-nakliyat","status":"publish","type":"page","link":"https:\/\/emniyetnakliyat.com\/nigde\/nigde-evden-eve-nakliyat\/","title":{"rendered":"Ni\u011fde Evden Eve Nakliyat"},"content":{"rendered":"\n<h2 class=\"wp-block-heading\">Ni\u011fde Evden Eve Nakliyat<\/h2>\n\n\n\n<p>Ni\u011fde evden eve nakliyat&#8217;, hizmetleri, ta\u015f\u0131nma s\u00fcrecini kolayla\u015ft\u0131rmak ve. M\u00fc\u015fterilere g\u00fcvenli bir deneyim sunmak i\u00e7in titizlikle y\u00fcr\u00fct\u00fclmektedir. <strong>Emniyet Nakliyat<\/strong>,&#8217; olarak, y\u0131llar\u0131n verdi\u011fi deneyim ve m\u00fc\u015fteri memnuniyetine dayal\u0131 yakla\u015f\u0131m\u0131m\u0131zla. Ni\u011fde\u2019de ev ta\u015f\u0131man\u0131n&#8217;,&#8217; en g\u00fcvenilir adresi olmay\u0131 s\u00fcrd\u00fcr\u00fcyoruz. \u015eehir i\u00e7i nakliyat&#8217;, ve ya da \u015fehirleraras\u0131 nakliyat&#8217;,&#8217; fark etmeksizin, ve t\u00fcm ta\u015f\u0131mac\u0131l\u0131k ihtiya\u00e7lar\u0131n\u0131z\u0131 \u00e7ok daha profesyonel, bir anlay\u0131\u015fla kar\u015f\u0131l\u0131yoruz.<\/p>\n\n\n\n<h3 class=\"wp-block-heading\">Her A\u015famada Planl\u0131 ve Sistematik Ta\u015f\u0131ma<\/h3>\n\n\n\n<p>Ev ta\u015f\u0131mak, ni\u011fde de yaln\u0131zca e\u015fyalar\u0131 bir yerden ba\u015fka bir yere g\u00f6t\u00fcrmekten ibaret de\u011fildir. Bu s\u00fcre\u00e7; planlama, ambalajlama, ta\u015f\u0131ma, montaj ve yerle\u015ftirme gibi bir\u00e7ok a\u015famay\u0131 i\u00e7erir. <strong>Ni\u011fde evden eve ta\u015f\u0131mac\u0131l\u0131k<\/strong>&#8216;, hizmetlerimizde, her ad\u0131m planl\u0131 ve sistematik bir \u015fekilde y\u00fcr\u00fct\u00fcl\u00fcr. Uzman ekibimiz, e\u015fyalar\u0131n\u0131z\u0131 en uygun paketleme malzemeleriyle koruma. Alt\u0131na al\u0131r ve ta\u015f\u0131ma s\u0131ras\u0131nda hasar g\u00f6rmesini \u00f6nler.<\/p>\n\n\n\n<h3 class=\"wp-block-heading\">Asans\u00f6rl\u00fc Ta\u015f\u0131mac\u0131l\u0131k&#8221; ile Kolay ve H\u0131zl\u0131 Hizmet<\/h3>\n\n\n\n<p>Dar merdiven bo\u015fluklar\u0131 ya da y\u00fcksek katl\u0131 binalar, ve geleneksel ta\u015f\u0131ma y\u00f6ntemleriyle zorlay\u0131c\u0131 olabilir. Bu nedenle Emniyet Nakliyat, ve \u00e7ok, daha kolay <strong>asans\u00f6rl\u00fc ta\u015f\u0131mac\u0131l\u0131k hizmeti<\/strong> sunarak ve hem ta\u015f\u0131ma s\u00fcresini. K\u0131salt\u0131r hem de e\u015fyalar\u0131n zarar g\u00f6rme riskini ortadan kald\u0131r\u0131r. Ni\u011fde\u2019deki t\u00fcm semtlerde bu modern ta\u015f\u0131ma tekni\u011finden faydalanabilirsiniz.<\/p>\n\n\n\n<h3 class=\"wp-block-heading\">\u015eehirleraras\u0131 Nakliyat: T\u00fcrkiye\u2019nin Her Noktas\u0131na G\u00fcvenli Ula\u015f\u0131m<\/h3>\n\n\n\n<p>Yaln\u0131zca Ni\u011fde&#8217;, i\u00e7erisinde de\u011fil, T\u00fcrkiye\u2019nin 81 iline evden eve nakliyat hizmeti veriyoruz. \u015eehirleraras\u0131 ta\u015f\u0131nma s\u00fcrecinde yol g\u00fcvenli\u011fi, zamanlama ve e\u015fya korumas\u0131 b\u00fcy\u00fck \u00f6nem ta\u015f\u0131r. Emniyet Nakliyat&#8217;, olarak t\u00fcm bu s\u00fcre\u00e7leri kusursuz bir \u015fekilde planl\u0131yor. E\u015fyalar\u0131n\u0131z\u0131 tam zaman\u0131nda ve eksiksiz \u015fekilde yeni adresinize ula\u015ft\u0131r\u0131yoruz.<\/p>\n\n\n\n<h3 class=\"wp-block-heading\">Deneyimli Kadro, Modern Ara\u00e7 Filosu<\/h3>\n\n\n\n<p>Ni\u011fde evden eve nakliyat&#8217;,&#8217; hizmetlerimizde g\u00f6rev alan t\u00fcm personelimiz, alan\u0131nda e\u011fitimli ve deneyimlidir. Ayr\u0131ca \u00e7ok \u00e7ok daha geni\u015f ara\u00e7, filomuz, sayesinde k\u00fc\u00e7\u00fck ya da b\u00fcy\u00fck \u00e7apl\u0131 ta\u015f\u0131nma. \u0130\u015flemleri i\u00e7in en uygun \u00e7\u00f6z\u00fcmleri sunabiliyoruz. Ara\u00e7lar\u0131m\u0131z d\u00fczenli olarak bak\u0131mdan ge\u00e7irilmekte ve her ta\u015f\u0131ma&#8217;,&#8217; \u00f6ncesi hijyen kurallar\u0131na uygun \u015fekilde temizlenmektedir.<\/p>\n\n\n\n<h3 class=\"wp-block-heading\">M\u00fc\u015fteri Memnuniyetini \u00d6nceliyoruz<\/h3>\n\n\n\n<p>Emniyet Nakliyat&#8217;,&#8217; olarak en b\u00fcy\u00fck \u00f6nceli\u011fimiz, m\u00fc\u015fterilerimizin memnuniyetidir. Hizmet&#8217;,&#8217; \u00f6ncesi ve sonras\u0131 sa\u011flad\u0131\u011f\u0131m\u0131z destek, h\u0131zl\u0131 ileti\u015fim imk\u00e2n\u0131 ve g\u00fcler. Y\u00fczl\u00fc personelimizle ta\u015f\u0131nma s\u00fcrecinizi stressiz bir \u015fekilde tamamlaman\u0131z\u0131 sa\u011fl\u0131yoruz. Siz de\u011ferli m\u00fc\u015fterilerimizin her talebini \u00f6nemsiyor, \u00e7\u00f6z\u00fcm odakl\u0131 yakla\u015f\u0131mla s\u00fcreci y\u00f6netiyoruz.<\/p>\n\n\n\n<hr class=\"wp-block-separator has-alpha-channel-opacity\"\/>\n\n\n\n<h2 class=\"wp-block-heading\">Evden Eve Nakliyat Hizmetlerinde Neden Emniyet Nakliyat?<\/h2>\n\n\n\n<ul class=\"wp-block-list\">\n<li>\u2705 \u00dccretsiz ekspertiz ve fiyat teklifi&#8217;,&#8217;<\/li>\n\n\n\n<li>\u2705 G\u00fcvenli ta\u015f\u0131ma&#8217;,&#8217;<\/li>\n\n\n\n<li>\u2705 Asans\u00f6rl\u00fc nakliyat se\u00e7ene\u011fi&#8217;,&#8217;<\/li>\n\n\n\n<li>\u2705 \u015eehir i\u00e7i ve \u015fehirleraras\u0131 ta\u015f\u0131ma&#8217;,&#8217;<\/li>\n\n\n\n<li>\u2705 Profesyonel ambalajlama ve montaj hizmeti&#8217;,&#8217;<\/li>\n\n\n\n<li>\u2705 Uygun fiyat, y\u00fcksek kalite garantisi&#8217;,&#8217;<\/li>\n<\/ul>\n\n\n\n<hr class=\"wp-block-separator has-alpha-channel-opacity\"\/>\n\n\n\n<p><strong>Emniyet Nakliyat Ni\u011fde&#8217;,&#8217; \u015eubesi<\/strong> olarak sizlere profesyonel, g\u00fcvenli ve. Zaman\u0131nda evden eve nakliyat&#8217;, hizmeti sunmaya devam ediyoruz. Ta\u015f\u0131nma<strong>&#8216;,&#8217;<\/strong> plan\u0131n\u0131z\u0131 ertelemeyin, uzman ekibimizle hemen ileti\u015fime&#8217;,&#8217; ge\u00e7in ve kaliteli ta\u015f\u0131mac\u0131l\u0131\u011f\u0131n fark\u0131n\u0131 ya\u015fay\u0131n!<\/p>\n\n\n\n<p>\ud83d\udcde Bize ula\u015fmak ve \u00fccretsiz teklif almak i\u00e7in:<br>\ud83d\udc49 <a href=\"https:\/\/emniyetnakliyat.com\/nigde\/\">https:\/\/emniyetnakliyat.com\/nigde\/<\/a><\/p>\n","protected":false},"excerpt":{"rendered":"<p>Ni\u011fde Evden Eve Nakliyat Ni\u011fde evden eve nakliyat&#8217;, hizmetleri, ta\u015f\u0131nma s\u00fcrecini kolayla\u015ft\u0131rmak ve. M\u00fc\u015fterilere g\u00fcvenli bir deneyim sunmak i\u00e7in titizlikle y\u00fcr\u00fct\u00fclmektedir. Emniyet Nakliyat,&#8217; olarak, y\u0131llar\u0131n verdi\u011fi deneyim ve m\u00fc\u015fteri memnuniyetine dayal\u0131 yakla\u015f\u0131m\u0131m\u0131zla. Ni\u011fde\u2019de ev ta\u015f\u0131man\u0131n&#8217;,&#8217; en g\u00fcvenilir adresi olmay\u0131 s\u00fcrd\u00fcr\u00fcyoruz. \u015eehir i\u00e7i nakliyat&#8217;, ve ya da \u015fehirleraras\u0131 nakliyat&#8217;,&#8217; fark etmeksizin, ve t\u00fcm ta\u015f\u0131mac\u0131l\u0131k ihtiya\u00e7lar\u0131n\u0131z\u0131 \u00e7ok [&hellip;]<\/p>\n","protected":false},"author":1,"featured_media":0,"parent":0,"menu_order":0,"comment_status":"closed","ping_status":"open","template":"","meta":{"footnotes":""},"class_list":["post-2","page","type-page","status-publish","hentry"],"yoast_head":"<!-- This site is optimized with the Yoast SEO plugin v27.4 - https:\/\/yoast.com\/product\/yoast-seo-wordpress\/ -->\n<title>Ni\u011fde Evden Eve Nakliyat<\/title>\n<meta name=\"description\" content=\"Ni\u011fde Evden Eve Nakliyat; Emniyet Nakliyat Ni\u011fde&#039;,&#039; \u015eubesi olarak sizlere profesyonel, g\u00fcvenli ve zaman\u0131nda evden eve nakliyat&#039;, hizmeti .\" \/>\n<meta name=\"robots\" content=\"index, follow, max-snippet:-1, max-image-preview:large, max-video-preview:-1\" \/>\n<link rel=\"canonical\" href=\"https:\/\/emniyetnakliyat.com\/nigde\/nigde-evden-eve-nakliyat\/\" \/>\n<meta property=\"og:locale\" content=\"tr_TR\" \/>\n<meta property=\"og:type\" content=\"article\" \/>\n<meta property=\"og:title\" content=\"Ni\u011fde Evden Eve Nakliyat, Ni\u011fde Nakliyat, Ni\u011fde Evden Eve\" \/>\n<meta property=\"og:description\" content=\"Ni\u011fde Evden Eve Nakliyat\" \/>\n<meta property=\"og:url\" content=\"https:\/\/emniyetnakliyat.com\/nigde\/nigde-evden-eve-nakliyat\/\" \/>\n<meta property=\"og:site_name\" content=\"N\u0130\u011eDE EVDEN EVE NAKL\u0130YAT\" \/>\n<meta property=\"article:modified_time\" content=\"2025-11-26T19:55:04+00:00\" \/>\n<meta property=\"og:image\" content=\"https:\/\/emniyetnakliyat.com\/nigde\/wp-content\/uploads\/sites\/5\/2025\/07\/iltisim-kamyon-resimi-evden-eve-nakliyat.jpg\" \/>\n\t<meta property=\"og:image:width\" content=\"330\" \/>\n\t<meta property=\"og:image:height\" content=\"295\" \/>\n\t<meta property=\"og:image:type\" content=\"image\/jpeg\" \/>\n<meta name=\"twitter:card\" content=\"summary_large_image\" \/>\n<meta name=\"twitter:title\" content=\"Ni\u011fde Evden Eve Nakliyat ,Ni\u011fde Evden Eve\" \/>\n<meta name=\"twitter:description\" content=\"Ni\u011fde Evden Eve Nakliyat\" \/>\n<meta name=\"twitter:label1\" content=\"Tahmini okuma s\u00fcresi\" \/>\n\t<meta name=\"twitter:data1\" content=\"3 dakika\" \/>\n<script type=\"application\/ld+json\" class=\"yoast-schema-graph\">{\"@context\":\"https:\\\/\\\/schema.org\",\"@graph\":[{\"@type\":\"WebPage\",\"@id\":\"https:\\\/\\\/emniyetnakliyat.com\\\/nigde\\\/nigde-evden-eve-nakliyat\\\/\",\"url\":\"https:\\\/\\\/emniyetnakliyat.com\\\/nigde\\\/nigde-evden-eve-nakliyat\\\/\",\"name\":\"Ni\u011fde Evden Eve Nakliyat\",\"isPartOf\":{\"@id\":\"https:\\\/\\\/emniyetnakliyat.com\\\/nigde\\\/#website\"},\"datePublished\":\"2025-07-13T18:52:15+00:00\",\"dateModified\":\"2025-11-26T19:55:04+00:00\",\"description\":\"Ni\u011fde Evden Eve Nakliyat; Emniyet Nakliyat Ni\u011fde',' \u015eubesi olarak sizlere profesyonel, g\u00fcvenli ve zaman\u0131nda evden eve nakliyat', hizmeti .\",\"breadcrumb\":{\"@id\":\"https:\\\/\\\/emniyetnakliyat.com\\\/nigde\\\/nigde-evden-eve-nakliyat\\\/#breadcrumb\"},\"inLanguage\":\"tr\",\"potentialAction\":[{\"@type\":\"ReadAction\",\"target\":[\"https:\\\/\\\/emniyetnakliyat.com\\\/nigde\\\/nigde-evden-eve-nakliyat\\\/\"]}]},{\"@type\":\"BreadcrumbList\",\"@id\":\"https:\\\/\\\/emniyetnakliyat.com\\\/nigde\\\/nigde-evden-eve-nakliyat\\\/#breadcrumb\",\"itemListElement\":[{\"@type\":\"ListItem\",\"position\":1,\"name\":\"Anasayfa\",\"item\":\"https:\\\/\\\/emniyetnakliyat.com\\\/nigde\\\/\"},{\"@type\":\"ListItem\",\"position\":2,\"name\":\"Ni\u011fde Evden Eve Nakliyat\"}]},{\"@type\":\"WebSite\",\"@id\":\"https:\\\/\\\/emniyetnakliyat.com\\\/nigde\\\/#website\",\"url\":\"https:\\\/\\\/emniyetnakliyat.com\\\/nigde\\\/\",\"name\":\"Kayseri Evden Eve Nakliyat\",\"description\":\"Ni\u011fde Evden Eve\",\"publisher\":{\"@id\":\"https:\\\/\\\/emniyetnakliyat.com\\\/nigde\\\/#organization\"},\"alternateName\":\"Kayseri Nakliyat\",\"potentialAction\":[{\"@type\":\"SearchAction\",\"target\":{\"@type\":\"EntryPoint\",\"urlTemplate\":\"https:\\\/\\\/emniyetnakliyat.com\\\/nigde\\\/?s={search_term_string}\"},\"query-input\":{\"@type\":\"PropertyValueSpecification\",\"valueRequired\":true,\"valueName\":\"search_term_string\"}}],\"inLanguage\":\"tr\"},{\"@type\":\"Organization\",\"@id\":\"https:\\\/\\\/emniyetnakliyat.com\\\/nigde\\\/#organization\",\"name\":\"Kayseri Emniyet Evden Eve Nakliyat\",\"alternateName\":\"Kayseri Evden Eve Nakliyat\",\"url\":\"https:\\\/\\\/emniyetnakliyat.com\\\/nigde\\\/\",\"logo\":{\"@type\":\"ImageObject\",\"inLanguage\":\"tr\",\"@id\":\"https:\\\/\\\/emniyetnakliyat.com\\\/nigde\\\/#\\\/schema\\\/logo\\\/image\\\/\",\"url\":\"https:\\\/\\\/emniyetnakliyat.com\\\/nigde\\\/wp-content\\\/uploads\\\/sites\\\/5\\\/2025\\\/07\\\/iltisim-kamyon-resimi-evden-eve-nakliyat.jpg\",\"contentUrl\":\"https:\\\/\\\/emniyetnakliyat.com\\\/nigde\\\/wp-content\\\/uploads\\\/sites\\\/5\\\/2025\\\/07\\\/iltisim-kamyon-resimi-evden-eve-nakliyat.jpg\",\"width\":330,\"height\":295,\"caption\":\"Kayseri Emniyet Evden Eve Nakliyat\"},\"image\":{\"@id\":\"https:\\\/\\\/emniyetnakliyat.com\\\/nigde\\\/#\\\/schema\\\/logo\\\/image\\\/\"}}]}<\/script>\n<!-- \/ Yoast SEO plugin. -->","yoast_head_json":{"title":"Ni\u011fde Evden Eve Nakliyat","description":"Ni\u011fde Evden Eve Nakliyat; Emniyet Nakliyat Ni\u011fde',' \u015eubesi olarak sizlere profesyonel, g\u00fcvenli ve zaman\u0131nda evden eve nakliyat', hizmeti .","robots":{"index":"index","follow":"follow","max-snippet":"max-snippet:-1","max-image-preview":"max-image-preview:large","max-video-preview":"max-video-preview:-1"},"canonical":"https:\/\/emniyetnakliyat.com\/nigde\/nigde-evden-eve-nakliyat\/","og_locale":"tr_TR","og_type":"article","og_title":"Ni\u011fde Evden Eve Nakliyat, Ni\u011fde Nakliyat, Ni\u011fde Evden Eve","og_description":"Ni\u011fde Evden Eve Nakliyat","og_url":"https:\/\/emniyetnakliyat.com\/nigde\/nigde-evden-eve-nakliyat\/","og_site_name":"N\u0130\u011eDE EVDEN EVE NAKL\u0130YAT","article_modified_time":"2025-11-26T19:55:04+00:00","og_image":[{"width":330,"height":295,"url":"https:\/\/emniyetnakliyat.com\/nigde\/wp-content\/uploads\/sites\/5\/2025\/07\/iltisim-kamyon-resimi-evden-eve-nakliyat.jpg","type":"image\/jpeg"}],"twitter_card":"summary_large_image","twitter_title":"Ni\u011fde Evden Eve Nakliyat ,Ni\u011fde Evden Eve","twitter_description":"Ni\u011fde Evden Eve Nakliyat","twitter_misc":{"Tahmini okuma s\u00fcresi":"3 dakika"},"schema":{"@context":"https:\/\/schema.org","@graph":[{"@type":"WebPage","@id":"https:\/\/emniyetnakliyat.com\/nigde\/nigde-evden-eve-nakliyat\/","url":"https:\/\/emniyetnakliyat.com\/nigde\/nigde-evden-eve-nakliyat\/","name":"Ni\u011fde Evden Eve Nakliyat","isPartOf":{"@id":"https:\/\/emniyetnakliyat.com\/nigde\/#website"},"datePublished":"2025-07-13T18:52:15+00:00","dateModified":"2025-11-26T19:55:04+00:00","description":"Ni\u011fde Evden Eve Nakliyat; Emniyet Nakliyat Ni\u011fde',' \u015eubesi olarak sizlere profesyonel, g\u00fcvenli ve zaman\u0131nda evden eve nakliyat', hizmeti .","breadcrumb":{"@id":"https:\/\/emniyetnakliyat.com\/nigde\/nigde-evden-eve-nakliyat\/#breadcrumb"},"inLanguage":"tr","potentialAction":[{"@type":"ReadAction","target":["https:\/\/emniyetnakliyat.com\/nigde\/nigde-evden-eve-nakliyat\/"]}]},{"@type":"BreadcrumbList","@id":"https:\/\/emniyetnakliyat.com\/nigde\/nigde-evden-eve-nakliyat\/#breadcrumb","itemListElement":[{"@type":"ListItem","position":1,"name":"Anasayfa","item":"https:\/\/emniyetnakliyat.com\/nigde\/"},{"@type":"ListItem","position":2,"name":"Ni\u011fde Evden Eve Nakliyat"}]},{"@type":"WebSite","@id":"https:\/\/emniyetnakliyat.com\/nigde\/#website","url":"https:\/\/emniyetnakliyat.com\/nigde\/","name":"Kayseri Evden Eve Nakliyat","description":"Ni\u011fde Evden Eve","publisher":{"@id":"https:\/\/emniyetnakliyat.com\/nigde\/#organization"},"alternateName":"Kayseri Nakliyat","potentialAction":[{"@type":"SearchAction","target":{"@type":"EntryPoint","urlTemplate":"https:\/\/emniyetnakliyat.com\/nigde\/?s={search_term_string}"},"query-input":{"@type":"PropertyValueSpecification","valueRequired":true,"valueName":"search_term_string"}}],"inLanguage":"tr"},{"@type":"Organization","@id":"https:\/\/emniyetnakliyat.com\/nigde\/#organization","name":"Kayseri Emniyet Evden Eve Nakliyat","alternateName":"Kayseri Evden Eve Nakliyat","url":"https:\/\/emniyetnakliyat.com\/nigde\/","logo":{"@type":"ImageObject","inLanguage":"tr","@id":"https:\/\/emniyetnakliyat.com\/nigde\/#\/schema\/logo\/image\/","url":"https:\/\/emniyetnakliyat.com\/nigde\/wp-content\/uploads\/sites\/5\/2025\/07\/iltisim-kamyon-resimi-evden-eve-nakliyat.jpg","contentUrl":"https:\/\/emniyetnakliyat.com\/nigde\/wp-content\/uploads\/sites\/5\/2025\/07\/iltisim-kamyon-resimi-evden-eve-nakliyat.jpg","width":330,"height":295,"caption":"Kayseri Emniyet Evden Eve Nakliyat"},"image":{"@id":"https:\/\/emniyetnakliyat.com\/nigde\/#\/schema\/logo\/image\/"}}]}},"_links":{"self":[{"href":"https:\/\/emniyetnakliyat.com\/nigde\/wp-json\/wp\/v2\/pages\/2","targetHints":{"allow":["GET"]}}],"collection":[{"href":"https:\/\/emniyetnakliyat.com\/nigde\/wp-json\/wp\/v2\/pages"}],"about":[{"href":"https:\/\/emniyetnakliyat.com\/nigde\/wp-json\/wp\/v2\/types\/page"}],"author":[{"embeddable":true,"href":"https:\/\/emniyetnakliyat.com\/nigde\/wp-json\/wp\/v2\/users\/1"}],"replies":[{"embeddable":true,"href":"https:\/\/emniyetnakliyat.com\/nigde\/wp-json\/wp\/v2\/comments?post=2"}],"version-history":[{"count":0,"href":"https:\/\/emniyetnakliyat.com\/nigde\/wp-json\/wp\/v2\/pages\/2\/revisions"}],"wp:attachment":[{"href":"https:\/\/emniyetnakliyat.com\/nigde\/wp-json\/wp\/v2\/media?parent=2"}],"curies":[{"name":"wp","href":"https:\/\/api.w.org\/{rel}","templated":true}]}}